{"id":263,"date":"2026-04-06T23:36:19","date_gmt":"2026-04-07T04:36:19","guid":{"rendered":"https:\/\/tramarte.com\/?page_id=263"},"modified":"2026-04-06T23:41:39","modified_gmt":"2026-04-07T04:41:39","slug":"en-construccion","status":"publish","type":"page","link":"https:\/\/tramarte.com\/","title":{"rendered":"En construccion"},"content":{"rendered":"\t\t<div data-elementor-type=\"wp-page\" data-elementor-id=\"263\" class=\"elementor elementor-263\" data-elementor-post-type=\"page\">\n\t\t\t\t<div class=\"elementor-element elementor-element-744bc8d e-flex e-con-boxed e-con e-parent\" data-id=\"744bc8d\" data-element_type=\"container\" data-e-type=\"container\" data-settings=\"{&quot;background_background&quot;:&quot;classic&quot;}\">\n\t\t\t\t\t<div class=\"e-con-inner\">\n\t\t\t\t<div class=\"elementor-element elementor-element-ac64034 elementor-widget elementor-widget-image\" data-id=\"ac64034\" data-element_type=\"widget\" data-e-type=\"widget\" data-widget_type=\"image.default\">\n\t\t\t\t\t\t\t\t\t\t\t\t\t\t\t<img decoding=\"async\" width=\"140\" height=\"93\" src=\"https:\/\/tramarte.com\/wp-content\/uploads\/2026\/03\/logo-tramarte-1.png\" class=\"attachment-large size-large wp-image-22\" alt=\"\" \/>\t\t\t\t\t\t\t\t\t\t\t\t\t\t\t<\/div>\n\t\t\t\t<div class=\"elementor-element elementor-element-e458d29 elementor-widget elementor-widget-heading\" data-id=\"e458d29\" data-element_type=\"widget\" data-e-type=\"widget\" data-widget_type=\"heading.default\">\n\t\t\t\t\t<h2 class=\"elementor-heading-title elementor-size-default\">\u00a1Estamos tejiendo algo incre\u00edble!<\/h2>\t\t\t\t<\/div>\n\t\t\t\t<div class=\"elementor-element elementor-element-539ec2a elementor-widget elementor-widget-text-editor\" data-id=\"539ec2a\" data-element_type=\"widget\" data-e-type=\"widget\" data-widget_type=\"text-editor.default\">\n\t\t\t\t\t\t\t\t\t<p>Muy pronto podr\u00e1s descubrir nuestra nueva p\u00e1gina llena de sorpresas y contenido \u00fanico.<br data-start=\"258\" data-end=\"261\" \/>Gracias por tu paciencia, \u00a1lo mejor est\u00e1 por llegar!<\/p>\t\t\t\t\t\t\t\t<\/div>\n\t\t\t\t\t<\/div>\n\t\t\t\t<\/div>\n\t\t\t\t<\/div>\n\t\t","protected":false},"excerpt":{"rendered":"<p>\u00a1Estamos tejiendo algo incre\u00edble! Muy pronto podr\u00e1s descubrir nuestra nueva p\u00e1gina llena de sorpresas y contenido \u00fanico.Gracias por tu paciencia, \u00a1lo mejor est\u00e1 por llegar!<\/p>\n","protected":false},"author":1,"featured_media":0,"parent":0,"menu_order":0,"comment_status":"closed","ping_status":"closed","template":"elementor_canvas","meta":{"footnotes":""},"class_list":["post-263","page","type-page","status-publish","hentry"],"_links":{"self":[{"href":"https:\/\/tramarte.com\/index.php?rest_route=\/wp\/v2\/pages\/263","targetHints":{"allow":["GET"]}}],"collection":[{"href":"https:\/\/tramarte.com\/index.php?rest_route=\/wp\/v2\/pages"}],"about":[{"href":"https:\/\/tramarte.com\/index.php?rest_route=\/wp\/v2\/types\/page"}],"author":[{"embeddable":true,"href":"https:\/\/tramarte.com\/index.php?rest_route=\/wp\/v2\/users\/1"}],"replies":[{"embeddable":true,"href":"https:\/\/tramarte.com\/index.php?rest_route=%2Fwp%2Fv2%2Fcomments&post=263"}],"version-history":[{"count":4,"href":"https:\/\/tramarte.com\/index.php?rest_route=\/wp\/v2\/pages\/263\/revisions"}],"predecessor-version":[{"id":267,"href":"https:\/\/tramarte.com\/index.php?rest_route=\/wp\/v2\/pages\/263\/revisions\/267"}],"wp:attachment":[{"href":"https:\/\/tramarte.com\/index.php?rest_route=%2Fwp%2Fv2%2Fmedia&parent=263"}],"curies":[{"name":"wp","href":"https:\/\/api.w.org\/{rel}","templated":true}]}}